{"id":278,"date":"2018-05-24T21:35:50","date_gmt":"2018-05-24T19:35:50","guid":{"rendered":"http:\/\/www.pro-wel.at\/en\/?page_id=278"},"modified":"2018-05-24T21:38:07","modified_gmt":"2018-05-24T19:38:07","slug":"privacy-policy","status":"publish","type":"page","link":"http:\/\/www.pro-wel.at\/en\/privacy-policy\/","title":{"rendered":"PRIVACY-POLICY"},"content":{"rendered":"<h1>Datenschutzerkl\u00e4rung<\/h1>\n<p>Der Schutz Ihrer pers\u00f6nlichen Daten ist uns ein besonderes Anliegen. Wir verarbeiten Ihre Daten daher ausschlie\u00dflich auf Grundlage der gesetzlichen Bestimmungen (DSGVO, TKG 2003). In diesen Datenschutzinformationen informieren wir Sie \u00fcber die wichtigsten Aspekte der Datenverarbeitung im Rahmen unserer Website.<\/p>\n<h2>Kontakt mit uns<\/h2>\n<p>Wenn Sie per Formular auf der Website oder per E-Mail Kontakt mit uns aufnehmen, werden Ihre angegebenen Daten zwecks Bearbeitung der Anfrage und f\u00fcr den Fall von Anschlussfragen sechs Monate bei uns gespeichert. Diese Daten geben wir nicht ohne Ihre Einwilligung weiter.<\/p>\n<h2>Ihre Rechte<\/h2>\n<p>Ihnen stehen grunds\u00e4tzlich die Rechte auf Auskunft, Berichtigung, L\u00f6schung, Einschr\u00e4nkung, Daten\u00fcbertragbarkeit, Widerruf und Widerspruch zu. Wenn Sie glauben, dass die Verarbeitung Ihrer Daten gegen das Datenschutzrecht verst\u00f6\u00dft oder Ihre datenschutzrechtlichen Anspr\u00fcche sonst in einer Weise verletzt worden sind, k\u00f6nnen Sie sich bei der Aufsichtsbeh\u00f6rde beschweren. In \u00d6sterreich ist dies die Datenschutzbeh\u00f6rde.<\/p>\n<h2>Sie erreichen uns unter folgenden Kontaktdaten<\/h2>\n<p><strong><em>DI Herbert Z\u00f6ller<br \/>\n<\/em><\/strong><em>Ing. B\u00fcro Technischer Umweltschutz<br \/>\n<\/em>Technoparkstra\u00dfe 4<br \/>\nA-5310 Mondsee<\/p>\n<p>mobile: +43\/680\/2089648<\/p>\n<p>e-mail:\u00a0\u00a0<a href=\"mailto:h.zoeller@pro-wel.at\">h.zoeller@pro-wel.at<br \/>\n<\/a><a href=\"http:\/\/www.pro-wel.at\/\">http:\/\/www.pro-wel.at<\/a><\/p>\n","protected":false},"excerpt":{"rendered":"<p>Datenschutzerkl\u00e4rung Der Schutz Ihrer pers\u00f6nlichen Daten ist uns ein besonderes Anliegen. Wir verarbeiten Ihre Daten daher ausschlie\u00dflich auf Grundlage der gesetzlichen Bestimmungen (DSGVO, TKG 2003). In diesen Datenschutzinformationen informieren wir Sie \u00fcber die wichtigsten Aspekte der Datenverarbeitung im Rahmen unserer &hellip; <a href=\"http:\/\/www.pro-wel.at\/en\/privacy-policy\/\">Weiterlesen <span class=\"meta-nav\">&rarr;<\/span><\/a><\/p>\n","protected":false},"author":1,"featured_media":0,"parent":0,"menu_order":0,"comment_status":"closed","ping_status":"closed","template":"","meta":{"ngg_post_thumbnail":0,"footnotes":""},"_links":{"self":[{"href":"http:\/\/www.pro-wel.at\/en\/wp-json\/wp\/v2\/pages\/278"}],"collection":[{"href":"http:\/\/www.pro-wel.at\/en\/wp-json\/wp\/v2\/pages"}],"about":[{"href":"http:\/\/www.pro-wel.at\/en\/wp-json\/wp\/v2\/types\/page"}],"author":[{"embeddable":true,"href":"http:\/\/www.pro-wel.at\/en\/wp-json\/wp\/v2\/users\/1"}],"replies":[{"embeddable":true,"href":"http:\/\/www.pro-wel.at\/en\/wp-json\/wp\/v2\/comments?post=278"}],"version-history":[{"count":2,"href":"http:\/\/www.pro-wel.at\/en\/wp-json\/wp\/v2\/pages\/278\/revisions"}],"predecessor-version":[{"id":282,"href":"http:\/\/www.pro-wel.at\/en\/wp-json\/wp\/v2\/pages\/278\/revisions\/282"}],"wp:attachment":[{"href":"http:\/\/www.pro-wel.at\/en\/wp-json\/wp\/v2\/media?parent=278"}],"curies":[{"name":"wp","href":"https:\/\/api.w.org\/{rel}","templated":true}]}}